{"id":14,"date":"2024-11-11T13:18:25","date_gmt":"2024-11-11T13:18:25","guid":{"rendered":"https:\/\/www.buffetmaison.com\/index.php\/panier\/"},"modified":"2024-11-13T18:31:18","modified_gmt":"2024-11-13T18:31:18","slug":"panier","status":"publish","type":"page","link":"http:\/\/www.buffetmaison.com\/index.php\/panier\/","title":{"rendered":"Panier"},"content":{"rendered":"<div data-block-name=\"woocommerce\/cart\" class=\"wp-block-woocommerce-cart alignwide is-loading\"><div data-block-name=\"woocommerce\/filled-cart-block\" class=\"wp-block-woocommerce-filled-cart-block\"><div data-block-name=\"woocommerce\/cart-items-block\" class=\"wp-block-woocommerce-cart-items-block\"><div data-block-name=\"woocommerce\/cart-line-items-block\" class=\"wp-block-woocommerce-cart-line-items-block\"><\/div>\n\n<div data-block-name=\"woocommerce\/cart-cross-sells-block\" class=\"wp-block-woocommerce-cart-cross-sells-block\"><h2 class=\"wp-block-heading has-large-font-size\">\u00c7a peut vous int\u00e9resser&#8230;<\/h2>\n\n<div data-block-name=\"woocommerce\/cart-cross-sells-products-block\" class=\"wp-block-woocommerce-cart-cross-sells-products-block\"><\/div><\/div><\/div>\n\n<div data-block-name=\"woocommerce\/cart-totals-block\" class=\"wp-block-woocommerce-cart-totals-block\"><div data-block-name=\"woocommerce\/cart-order-summary-block\" class=\"wp-block-woocommerce-cart-order-summary-block\"><div data-block-name=\"woocommerce\/cart-order-summary-heading-block\" class=\"wp-block-woocommerce-cart-order-summary-heading-block\"><\/div><div data-block-name=\"woocommerce\/cart-order-summary-coupon-form-block\" class=\"wp-block-woocommerce-cart-order-summary-coupon-form-block\"><\/div><div data-block-name=\"woocommerce\/cart-order-summary-totals-block\" class=\"wp-block-woocommerce-cart-order-summary-totals-block\">\n<div data-block-name=\"woocommerce\/cart-order-summary-subtotal-block\" class=\"wp-block-woocommerce-cart-order-summary-subtotal-block\"><\/div>\n<div data-block-name=\"woocommerce\/cart-order-summary-discount-block\" class=\"wp-block-woocommerce-cart-order-summary-discount-block\"><\/div>\n<div data-block-name=\"woocommerce\/cart-order-summary-fee-block\" class=\"wp-block-woocommerce-cart-order-summary-fee-block\"><\/div>\n<div data-block-name=\"woocommerce\/cart-order-summary-shipping-block\" class=\"wp-block-woocommerce-cart-order-summary-shipping-block\"><\/div>\n<div data-block-name=\"woocommerce\/cart-order-summary-taxes-block\" class=\"wp-block-woocommerce-cart-order-summary-taxes-block\"><\/div><\/div><\/div>\n\n<div data-block-name=\"woocommerce\/cart-express-payment-block\" class=\"wp-block-woocommerce-cart-express-payment-block\"><\/div>\n\n<div data-block-name=\"woocommerce\/proceed-to-checkout-block\" class=\"wp-block-woocommerce-proceed-to-checkout-block\"><\/div>\n\n<div data-block-name=\"woocommerce\/cart-accepted-payment-methods-block\" class=\"wp-block-woocommerce-cart-accepted-payment-methods-block\"><\/div><\/div><\/div>\n\n<div data-block-name=\"woocommerce\/empty-cart-block\" class=\"wp-block-woocommerce-empty-cart-block\"><h2 class=\"wp-block-heading has-text-align-center with-empty-cart-icon wc-block-cart__empty-cart__title\">Votre panier est actuellement vide\u00a0!<\/h2>\n\n<hr class=\"wp-block-separator has-alpha-channel-opacity is-style-dots\"\/>\n\n<h2 class=\"wp-block-heading has-text-align-center\">Nouveau dans la boutique<\/h2>\n\n<div data-block-name=\"woocommerce\/product-new\" data-columns=\"4\" data-rows=\"1\" class=\"wc-block-grid wp-block-product-new wc-block-product-new has-4-columns\"><ul class=\"wc-block-grid__products\"><li class=\"wc-block-grid__product\">\n\t\t\t\t<a href=\"http:\/\/www.buffetmaison.com\/index.php\/produit\/pains-de-menage\/\" class=\"wc-block-grid__product-link\">\n\t\t\t\t\t\n\t\t\t\t\t<div class=\"wc-block-grid__product-image\"><img loading=\"lazy\" decoding=\"async\" width=\"300\" height=\"300\" src=\"http:\/\/www.buffetmaison.com\/wp-content\/uploads\/2025\/12\/BM25_SiteWeb_PainMenage-300x300.png\" class=\"attachment-woocommerce_thumbnail size-woocommerce_thumbnail\" alt=\"Pains de m\u00e9nage\" srcset=\"http:\/\/www.buffetmaison.com\/wp-content\/uploads\/2025\/12\/BM25_SiteWeb_PainMenage-300x300.png 300w, http:\/\/www.buffetmaison.com\/wp-content\/uploads\/2025\/12\/BM25_SiteWeb_PainMenage-1024x1024.png 1024w, http:\/\/www.buffetmaison.com\/wp-content\/uploads\/2025\/12\/BM25_SiteWeb_PainMenage-150x150.png 150w, http:\/\/www.buffetmaison.com\/wp-content\/uploads\/2025\/12\/BM25_SiteWeb_PainMenage-768x768.png 768w, http:\/\/www.buffetmaison.com\/wp-content\/uploads\/2025\/12\/BM25_SiteWeb_PainMenage-600x600.png 600w, http:\/\/www.buffetmaison.com\/wp-content\/uploads\/2025\/12\/BM25_SiteWeb_PainMenage-100x100.png 100w, http:\/\/www.buffetmaison.com\/wp-content\/uploads\/2025\/12\/BM25_SiteWeb_PainMenage.png 1200w\" sizes=\"(max-width: 300px) 100vw, 300px\" \/><\/div>\n\t\t\t\t\t<div class=\"wc-block-grid__product-title\">Pains de m\u00e9nage<\/div>\n\t\t\t\t<\/a>\n\t\t\t\t<div class=\"wc-block-grid__product-price price\"><\/div>\n\t\t\t\t\n\t\t\t\t<div class=\"wp-block-button wc-block-grid__product-add-to-cart\"><a href=\"http:\/\/www.buffetmaison.com\/index.php\/produit\/pains-de-menage\/\" aria-label=\"En savoir plus sur &ldquo;Pains de m\u00e9nage&rdquo;\" data-quantity=\"1\" data-product_id=\"385\" data-product_sku=\"\" data-price=\"0\" rel=\"nofollow\" class=\"wp-block-button__link wp-element-button add_to_cart_button\">Lire la suite<\/a><\/div>\n\t\t\t<\/li><li class=\"wc-block-grid__product\">\n\t\t\t\t<a href=\"http:\/\/www.buffetmaison.com\/index.php\/produit\/repas-froid-et-complement-chaud-lirresistible-10-personnes-et-plus-copie\/\" class=\"wc-block-grid__product-link\">\n\t\t\t\t\t\n\t\t\t\t\t<div class=\"wc-block-grid__product-image\"><img loading=\"lazy\" decoding=\"async\" width=\"300\" height=\"300\" src=\"http:\/\/www.buffetmaison.com\/wp-content\/uploads\/2025\/12\/BM25_SiteWeb_Fetes_Lirresistible-300x300.png\" class=\"attachment-woocommerce_thumbnail size-woocommerce_thumbnail\" alt=\"Repas froid et compl\u00e9ment chaud : L&#039;irr\u00e9sistible |  10 personnes et plus\" srcset=\"http:\/\/www.buffetmaison.com\/wp-content\/uploads\/2025\/12\/BM25_SiteWeb_Fetes_Lirresistible-300x300.png 300w, http:\/\/www.buffetmaison.com\/wp-content\/uploads\/2025\/12\/BM25_SiteWeb_Fetes_Lirresistible-1024x1024.png 1024w, http:\/\/www.buffetmaison.com\/wp-content\/uploads\/2025\/12\/BM25_SiteWeb_Fetes_Lirresistible-150x150.png 150w, http:\/\/www.buffetmaison.com\/wp-content\/uploads\/2025\/12\/BM25_SiteWeb_Fetes_Lirresistible-768x768.png 768w, http:\/\/www.buffetmaison.com\/wp-content\/uploads\/2025\/12\/BM25_SiteWeb_Fetes_Lirresistible-600x600.png 600w, http:\/\/www.buffetmaison.com\/wp-content\/uploads\/2025\/12\/BM25_SiteWeb_Fetes_Lirresistible-100x100.png 100w, http:\/\/www.buffetmaison.com\/wp-content\/uploads\/2025\/12\/BM25_SiteWeb_Fetes_Lirresistible.png 1200w\" sizes=\"(max-width: 300px) 100vw, 300px\" \/><\/div>\n\t\t\t\t\t<div class=\"wc-block-grid__product-title\">Repas froid et compl\u00e9ment chaud : L&rsquo;irr\u00e9sistible |  10 personnes et plus<\/div>\n\t\t\t\t<\/a>\n\t\t\t\t<div class=\"wc-block-grid__product-price price\"><\/div>\n\t\t\t\t\n\t\t\t\t<div class=\"wp-block-button wc-block-grid__product-add-to-cart\"><a href=\"http:\/\/www.buffetmaison.com\/index.php\/produit\/repas-froid-et-complement-chaud-lirresistible-10-personnes-et-plus-copie\/\" aria-label=\"En savoir plus sur &ldquo;Repas froid et compl\u00e9ment chaud : L&#039;irr\u00e9sistible |  10 personnes et plus&rdquo;\" data-quantity=\"1\" data-product_id=\"383\" data-product_sku=\"\" data-price=\"0\" rel=\"nofollow\" class=\"wp-block-button__link wp-element-button add_to_cart_button\">Lire la suite<\/a><\/div>\n\t\t\t<\/li><li class=\"wc-block-grid__product\">\n\t\t\t\t<a href=\"http:\/\/www.buffetmaison.com\/index.php\/produit\/repas-froid-et-complement-chaud-la-reference-10-personnes-et-plus\/\" class=\"wc-block-grid__product-link\">\n\t\t\t\t\t\n\t\t\t\t\t<div class=\"wc-block-grid__product-image\"><img loading=\"lazy\" decoding=\"async\" width=\"300\" height=\"300\" src=\"http:\/\/www.buffetmaison.com\/wp-content\/uploads\/2025\/12\/BM25_SiteWeb_Fetes_LaReference-300x300.png\" class=\"attachment-woocommerce_thumbnail size-woocommerce_thumbnail\" alt=\"Repas froid et compl\u00e9ment chaud : La R\u00e9f\u00e9rence |  10 personnes et plus\" srcset=\"http:\/\/www.buffetmaison.com\/wp-content\/uploads\/2025\/12\/BM25_SiteWeb_Fetes_LaReference-300x300.png 300w, http:\/\/www.buffetmaison.com\/wp-content\/uploads\/2025\/12\/BM25_SiteWeb_Fetes_LaReference-1024x1024.png 1024w, http:\/\/www.buffetmaison.com\/wp-content\/uploads\/2025\/12\/BM25_SiteWeb_Fetes_LaReference-150x150.png 150w, http:\/\/www.buffetmaison.com\/wp-content\/uploads\/2025\/12\/BM25_SiteWeb_Fetes_LaReference-768x768.png 768w, http:\/\/www.buffetmaison.com\/wp-content\/uploads\/2025\/12\/BM25_SiteWeb_Fetes_LaReference-600x600.png 600w, http:\/\/www.buffetmaison.com\/wp-content\/uploads\/2025\/12\/BM25_SiteWeb_Fetes_LaReference-100x100.png 100w, http:\/\/www.buffetmaison.com\/wp-content\/uploads\/2025\/12\/BM25_SiteWeb_Fetes_LaReference.png 1200w\" sizes=\"(max-width: 300px) 100vw, 300px\" \/><\/div>\n\t\t\t\t\t<div class=\"wc-block-grid__product-title\">Repas froid et compl\u00e9ment chaud : La R\u00e9f\u00e9rence |  10 personnes et plus<\/div>\n\t\t\t\t<\/a>\n\t\t\t\t<div class=\"wc-block-grid__product-price price\"><\/div>\n\t\t\t\t\n\t\t\t\t<div class=\"wp-block-button wc-block-grid__product-add-to-cart\"><a href=\"http:\/\/www.buffetmaison.com\/index.php\/produit\/repas-froid-et-complement-chaud-la-reference-10-personnes-et-plus\/\" aria-label=\"En savoir plus sur &ldquo;Repas froid et compl\u00e9ment chaud : La R\u00e9f\u00e9rence |  10 personnes et plus&rdquo;\" data-quantity=\"1\" data-product_id=\"381\" data-product_sku=\"\" data-price=\"0\" rel=\"nofollow\" class=\"wp-block-button__link wp-element-button add_to_cart_button\">Lire la suite<\/a><\/div>\n\t\t\t<\/li><li class=\"wc-block-grid__product\">\n\t\t\t\t<a href=\"http:\/\/www.buffetmaison.com\/index.php\/produit\/beignes-dantan\/\" class=\"wc-block-grid__product-link\">\n\t\t\t\t\t\n\t\t\t\t\t<div class=\"wc-block-grid__product-image\"><img loading=\"lazy\" decoding=\"async\" width=\"300\" height=\"300\" src=\"http:\/\/www.buffetmaison.com\/wp-content\/uploads\/2025\/12\/thumb_IMG_0223_1024-300x300.jpeg\" class=\"attachment-woocommerce_thumbnail size-woocommerce_thumbnail\" alt=\"Beignes d&#039;Antan\" srcset=\"http:\/\/www.buffetmaison.com\/wp-content\/uploads\/2025\/12\/thumb_IMG_0223_1024-300x300.jpeg 300w, http:\/\/www.buffetmaison.com\/wp-content\/uploads\/2025\/12\/thumb_IMG_0223_1024-150x150.jpeg 150w, http:\/\/www.buffetmaison.com\/wp-content\/uploads\/2025\/12\/thumb_IMG_0223_1024-100x100.jpeg 100w\" sizes=\"(max-width: 300px) 100vw, 300px\" \/><\/div>\n\t\t\t\t\t<div class=\"wc-block-grid__product-title\">Beignes d&rsquo;Antan<\/div>\n\t\t\t\t<\/a>\n\t\t\t\t<div class=\"wc-block-grid__product-price price\"><\/div>\n\t\t\t\t\n\t\t\t\t<div class=\"wp-block-button wc-block-grid__product-add-to-cart\"><a href=\"http:\/\/www.buffetmaison.com\/index.php\/produit\/beignes-dantan\/\" aria-label=\"En savoir plus sur &ldquo;Beignes d&#039;Antan&rdquo;\" data-quantity=\"1\" data-product_id=\"378\" data-product_sku=\"\" data-price=\"0\" rel=\"nofollow\" class=\"wp-block-button__link wp-element-button add_to_cart_button\">Lire la suite<\/a><\/div>\n\t\t\t<\/li><\/ul><\/div><\/div><\/div>","protected":false},"excerpt":{"rendered":"","protected":false},"author":1,"featured_media":0,"parent":0,"menu_order":0,"comment_status":"closed","ping_status":"closed","template":"","meta":{"footnotes":""},"class_list":["post-14","page","type-page","status-publish","hentry"],"yoast_head":"<!-- This site is optimized with the Yoast SEO plugin v25.4 - https:\/\/yoast.com\/wordpress\/plugins\/seo\/ -->\n<title>Panier - Buffet Maison<\/title>\n<meta name=\"robots\" content=\"index, follow, max-snippet:-1, max-image-preview:large, max-video-preview:-1\" \/>\n<link rel=\"canonical\" href=\"http:\/\/www.buffetmaison.com\/index.php\/panier\/\" \/>\n<meta property=\"og:locale\" content=\"fr_FR\" \/>\n<meta property=\"og:type\" content=\"article\" \/>\n<meta property=\"og:title\" content=\"Panier - Buffet Maison\" \/>\n<meta property=\"og:url\" content=\"http:\/\/www.buffetmaison.com\/index.php\/panier\/\" \/>\n<meta property=\"og:site_name\" content=\"Buffet Maison\" \/>\n<meta property=\"article:publisher\" content=\"https:\/\/www.facebook.com\/buffetmaison\" \/>\n<meta property=\"article:modified_time\" content=\"2024-11-13T18:31:18+00:00\" \/>\n<meta name=\"twitter:card\" content=\"summary_large_image\" \/>\n<script type=\"application\/ld+json\" class=\"yoast-schema-graph\">{\"@context\":\"https:\/\/schema.org\",\"@graph\":[{\"@type\":\"WebPage\",\"@id\":\"http:\/\/www.buffetmaison.com\/index.php\/panier\/\",\"url\":\"http:\/\/www.buffetmaison.com\/index.php\/panier\/\",\"name\":\"Panier - Buffet Maison\",\"isPartOf\":{\"@id\":\"https:\/\/www.buffetmaison.com\/#website\"},\"datePublished\":\"2024-11-11T13:18:25+00:00\",\"dateModified\":\"2024-11-13T18:31:18+00:00\",\"breadcrumb\":{\"@id\":\"http:\/\/www.buffetmaison.com\/index.php\/panier\/#breadcrumb\"},\"inLanguage\":\"fr-FR\",\"potentialAction\":[{\"@type\":\"ReadAction\",\"target\":[\"http:\/\/www.buffetmaison.com\/index.php\/panier\/\"]}]},{\"@type\":\"BreadcrumbList\",\"@id\":\"http:\/\/www.buffetmaison.com\/index.php\/panier\/#breadcrumb\",\"itemListElement\":[{\"@type\":\"ListItem\",\"position\":1,\"name\":\"Accueil\",\"item\":\"https:\/\/www.buffetmaison.com\/\"},{\"@type\":\"ListItem\",\"position\":2,\"name\":\"Panier\"}]},{\"@type\":\"WebSite\",\"@id\":\"https:\/\/www.buffetmaison.com\/#website\",\"url\":\"https:\/\/www.buffetmaison.com\/\",\"name\":\"Buffet Maison\",\"description\":\"Des traditions qui ont de la gueule\",\"publisher\":{\"@id\":\"https:\/\/www.buffetmaison.com\/#organization\"},\"potentialAction\":[{\"@type\":\"SearchAction\",\"target\":{\"@type\":\"EntryPoint\",\"urlTemplate\":\"https:\/\/www.buffetmaison.com\/?s={search_term_string}\"},\"query-input\":{\"@type\":\"PropertyValueSpecification\",\"valueRequired\":true,\"valueName\":\"search_term_string\"}}],\"inLanguage\":\"fr-FR\"},{\"@type\":\"Organization\",\"@id\":\"https:\/\/www.buffetmaison.com\/#organization\",\"name\":\"Buffet Maison 360\u00b0\",\"url\":\"https:\/\/www.buffetmaison.com\/\",\"logo\":{\"@type\":\"ImageObject\",\"inLanguage\":\"fr-FR\",\"@id\":\"https:\/\/www.buffetmaison.com\/#\/schema\/logo\/image\/\",\"url\":\"http:\/\/www.buffetmaison.com\/wp-content\/uploads\/2024\/11\/BM24_SiteWeb_Logo.png\",\"contentUrl\":\"http:\/\/www.buffetmaison.com\/wp-content\/uploads\/2024\/11\/BM24_SiteWeb_Logo.png\",\"width\":1200,\"height\":1200,\"caption\":\"Buffet Maison 360\u00b0\"},\"image\":{\"@id\":\"https:\/\/www.buffetmaison.com\/#\/schema\/logo\/image\/\"},\"sameAs\":[\"https:\/\/www.facebook.com\/buffetmaison\"]}]}<\/script>\n<!-- \/ Yoast SEO plugin. -->","yoast_head_json":{"title":"Panier - Buffet Maison","robots":{"index":"index","follow":"follow","max-snippet":"max-snippet:-1","max-image-preview":"max-image-preview:large","max-video-preview":"max-video-preview:-1"},"canonical":"http:\/\/www.buffetmaison.com\/index.php\/panier\/","og_locale":"fr_FR","og_type":"article","og_title":"Panier - Buffet Maison","og_url":"http:\/\/www.buffetmaison.com\/index.php\/panier\/","og_site_name":"Buffet Maison","article_publisher":"https:\/\/www.facebook.com\/buffetmaison","article_modified_time":"2024-11-13T18:31:18+00:00","twitter_card":"summary_large_image","schema":{"@context":"https:\/\/schema.org","@graph":[{"@type":"WebPage","@id":"http:\/\/www.buffetmaison.com\/index.php\/panier\/","url":"http:\/\/www.buffetmaison.com\/index.php\/panier\/","name":"Panier - Buffet Maison","isPartOf":{"@id":"https:\/\/www.buffetmaison.com\/#website"},"datePublished":"2024-11-11T13:18:25+00:00","dateModified":"2024-11-13T18:31:18+00:00","breadcrumb":{"@id":"http:\/\/www.buffetmaison.com\/index.php\/panier\/#breadcrumb"},"inLanguage":"fr-FR","potentialAction":[{"@type":"ReadAction","target":["http:\/\/www.buffetmaison.com\/index.php\/panier\/"]}]},{"@type":"BreadcrumbList","@id":"http:\/\/www.buffetmaison.com\/index.php\/panier\/#breadcrumb","itemListElement":[{"@type":"ListItem","position":1,"name":"Accueil","item":"https:\/\/www.buffetmaison.com\/"},{"@type":"ListItem","position":2,"name":"Panier"}]},{"@type":"WebSite","@id":"https:\/\/www.buffetmaison.com\/#website","url":"https:\/\/www.buffetmaison.com\/","name":"Buffet Maison","description":"Des traditions qui ont de la gueule","publisher":{"@id":"https:\/\/www.buffetmaison.com\/#organization"},"potentialAction":[{"@type":"SearchAction","target":{"@type":"EntryPoint","urlTemplate":"https:\/\/www.buffetmaison.com\/?s={search_term_string}"},"query-input":{"@type":"PropertyValueSpecification","valueRequired":true,"valueName":"search_term_string"}}],"inLanguage":"fr-FR"},{"@type":"Organization","@id":"https:\/\/www.buffetmaison.com\/#organization","name":"Buffet Maison 360\u00b0","url":"https:\/\/www.buffetmaison.com\/","logo":{"@type":"ImageObject","inLanguage":"fr-FR","@id":"https:\/\/www.buffetmaison.com\/#\/schema\/logo\/image\/","url":"http:\/\/www.buffetmaison.com\/wp-content\/uploads\/2024\/11\/BM24_SiteWeb_Logo.png","contentUrl":"http:\/\/www.buffetmaison.com\/wp-content\/uploads\/2024\/11\/BM24_SiteWeb_Logo.png","width":1200,"height":1200,"caption":"Buffet Maison 360\u00b0"},"image":{"@id":"https:\/\/www.buffetmaison.com\/#\/schema\/logo\/image\/"},"sameAs":["https:\/\/www.facebook.com\/buffetmaison"]}]}},"_links":{"self":[{"href":"http:\/\/www.buffetmaison.com\/index.php\/wp-json\/wp\/v2\/pages\/14"}],"collection":[{"href":"http:\/\/www.buffetmaison.com\/index.php\/wp-json\/wp\/v2\/pages"}],"about":[{"href":"http:\/\/www.buffetmaison.com\/index.php\/wp-json\/wp\/v2\/types\/page"}],"author":[{"embeddable":true,"href":"http:\/\/www.buffetmaison.com\/index.php\/wp-json\/wp\/v2\/users\/1"}],"replies":[{"embeddable":true,"href":"http:\/\/www.buffetmaison.com\/index.php\/wp-json\/wp\/v2\/comments?post=14"}],"version-history":[{"count":1,"href":"http:\/\/www.buffetmaison.com\/index.php\/wp-json\/wp\/v2\/pages\/14\/revisions"}],"predecessor-version":[{"id":63,"href":"http:\/\/www.buffetmaison.com\/index.php\/wp-json\/wp\/v2\/pages\/14\/revisions\/63"}],"wp:attachment":[{"href":"http:\/\/www.buffetmaison.com\/index.php\/wp-json\/wp\/v2\/media?parent=14"}],"curies":[{"name":"wp","href":"https:\/\/api.w.org\/{rel}","templated":true}]}}